{"id":178,"date":"2025-05-08T15:03:01","date_gmt":"2025-05-08T13:03:01","guid":{"rendered":"https:\/\/cityhotelnattergalen.dk\/?page_id=178"},"modified":"2025-06-05T07:39:59","modified_gmt":"2025-06-05T05:39:59","slug":"cookiepolitik","status":"publish","type":"page","link":"https:\/\/cityhotelnattergalen.dk\/en\/cookiepolitik\/","title":{"rendered":"Cookie Policy"},"content":{"rendered":"<div data-elementor-type=\"wp-page\" data-elementor-id=\"178\" class=\"elementor elementor-178\" data-elementor-post-type=\"page\">\n\t\t\t\t<div class=\"elementor-element elementor-element-fa43a07 e-flex e-con-boxed e-con e-parent\" data-id=\"fa43a07\" data-element_type=\"container\" data-settings=\"{&quot;background_background&quot;:&quot;classic&quot;}\">\n\t\t\t\t\t<div class=\"e-con-inner\">\n\t\t\t\t<div class=\"elementor-element elementor-element-b257900 elementor-widget elementor-widget-heading\" data-id=\"b257900\" data-element_type=\"widget\" data-widget_type=\"heading.default\">\n\t\t\t\t<div class=\"elementor-widget-container\">\n\t\t\t\t\t<h1 class=\"elementor-heading-title elementor-size-default\">Cookie Policy<\/h1>\t\t\t\t<\/div>\n\t\t\t\t<\/div>\n\t\t\t\t\t<\/div>\n\t\t\t\t<\/div>\n\t\t<div class=\"elementor-element elementor-element-8f4e656 e-flex e-con-boxed e-con e-parent\" data-id=\"8f4e656\" data-element_type=\"container\">\n\t\t\t\t\t<div class=\"e-con-inner\">\n\t\t\t\t<div class=\"elementor-element elementor-element-8571b94 elementor-widget elementor-widget-text-editor\" data-id=\"8571b94\" data-element_type=\"widget\" data-widget_type=\"text-editor.default\">\n\t\t\t\t<div class=\"elementor-widget-container\">\n\t\t\t\t\t\t\t\t\t<p><strong>Use of cookies<\/strong><\/p><p>Here you can read City Hotel Nattergalen&#039;s policy for the use of cookies when visiting cityhotelnattergalen.dk\/en. By visiting the City Hotel Nattergalen website, you accept the cookie policy below.<\/p><p><a href=\"\/en\/privatlivspolitik\/\">Click here to go to privacy policy<\/a><\/p><h2>What is a cookie?<\/h2><p>A cookie is a small text file that is stored in the web browser on your computer, smartphone, iPad or whatever you use to access the internet. Cookies make it possible to identify your computer, etc. and collect information about your online behavior, including which pages and functions are visited with your browser, and to ensure that it functions technically. In some cases, cookies are necessary for a website to function as intended. A cookie is static and cannot spread computer viruses or otherwise distribute malicious programs. It is anonymous and contains no personal information. Cookies are used by virtually all websites.<\/p><h2>Types of cookies<\/h2><p>There are two types of cookies: session cookies and persistent cookies. Session cookies are automatically deleted from your browser when you close it. Persistent cookies are stored on your device for a specific period of time, after which they expire.<\/p><p>A distinction is also made between first-party cookies and third-party cookies. First-party cookies are set by the website you are visiting, third-party cookies are set by a third party that has elements embedded on the website you are visiting. Third-party cookies are set, among other things, by web analysis programs, such as Google Analytics and WebTrends.<\/p><p>This Cookie Policy only applies to cityhotelnattergalen.dk\/en. When clicking on functions that navigate to other websites, City Hotel Nattergalen has no responsibility or control over which cookies are used.<\/p><h2>Cookies at cityhotelnattergalen.dk\/en<\/h2><p><div class=\"cookie-manager--cookie-table\" data-cookie-declaration=\"\"><\/div><\/p><p>If none are found \u2013 list regular cookies<\/p><h2>How do you avoid or delete cookies?<\/h2><p>If you do not want cookies from cityhotelnattergalen.dk\/en, you can always block all cookies, delete existing cookies on your computer, or receive a warning before a cookie is saved. All browsers allow you to delete cookies individually or all at once. How you do this depends on which browser you are using. Follow the links below to get instructions for your browser. Remember that if you use multiple browsers, you must delete cookies in all of them.<\/p><ul><li><a href=\"http:\/\/windows.microsoft.com\/da-DK\/windows-vista\/Delete-your-Internet-cookies\" target=\"_blank\" rel=\"noopener\">Instructions for deleting cookies on Microsoft Internet Explorer<\/a><\/li><li><a href=\"https:\/\/support.apple.com\/kb\/PH17191\" target=\"_blank\" rel=\"noopener\">Instructions for deleting cookies on Safari browser<\/a><\/li><li><a href=\"http:\/\/support.google.com\/chrome\/bin\/answer.py?hl=da&amp;answer=95647\" target=\"_blank\" rel=\"noopener\">Instructions for deleting cookies on Google Chrome browser<\/a><\/li><li><a href=\"http:\/\/support.mozilla.org\/da\/kb\/delete-cookies-remove-info-websites-stored?redirectlocale=en-US&amp;redirectslug=Deleting+cookies\" target=\"_blank\" rel=\"noopener\">Instructions for deleting cookies on Mozilla Firefox browser<\/a><\/li><li><a href=\"http:\/\/timeread.hubpages.com\/hub\/How-to-delete-internet-cookies-on-your-Droid-or-any-Android-device\" target=\"_blank\" rel=\"noopener\">Instructions for deleting cookies from Android phones<\/a><\/li><li><a href=\"http:\/\/help.opera.com\/Windows\/9.51\/da\/cookies.html\" target=\"_blank\" rel=\"noopener\">Instructions for deleting cookies on Opera browser<\/a><\/li><li><a href=\"http:\/\/support.apple.com\/kb\/HT1677?viewlocale=da_DK\" target=\"_blank\" rel=\"noopener\">Instructions for deleting cookies on iPad, iPhone, iPod touch<\/a><\/li><li><a href=\"https:\/\/kb.wisc.edu\/page.php?id=24078\" target=\"_blank\" rel=\"noopener\">Instructions for deleting cookies from Windows Phone<\/a><\/li><\/ul><h2>What happens if you do not accept or delete cookies?<\/h2><p>If you choose to block all cookies or delete existing cookies on your computer, you can still read text on cityhotelnattergalen.dk\/en. However, there may be features and services you cannot use because they require the website to remember the choices you make.<\/p><h2>Rules<\/h2><p>The rules that apply to City Hotel Nattergalen&#039;s use of cookies can be found below.<\/p><p><a href=\"https:\/\/www.retsinformation.dk\/Forms\/R0710.aspx?id=139279\" target=\"_blank\" rel=\"noopener\">Cookie Notice<br \/><\/a><a href=\"https:\/\/www.datatilsynet.dk\/regler-og-vejledning\/cookies-og-lignende-teknologier\" target=\"_blank\" rel=\"noopener\">Cookie guidelines<\/a><\/p><h2>Contact<\/h2><p>You are welcome to contact us if you have any further questions about the use of cookies on cityhotelnattergalen.dk\/en.<\/p>\t\t\t\t\t\t\t\t<\/div>\n\t\t\t\t<\/div>\n\t\t\t\t\t<\/div>\n\t\t\t\t<\/div>\n\t\t\t\t<\/div>","protected":false},"excerpt":{"rendered":"<p>Cookie Policy Use of Cookies Here you can read the policy for the use of cookies when visiting . By visiting the website you accept the following policy on cookies. Click here to go to privacy policy What is a cookie? A cookie is a small text file, this is stored in the web browser on your computer, smartphone, iPad or whatever [\u2026]<\/p>","protected":false},"author":2,"featured_media":0,"parent":0,"menu_order":0,"comment_status":"closed","ping_status":"closed","template":"","meta":{"footnotes":""},"class_list":["post-178","page","type-page","status-publish","hentry"],"yoast_head":"<!-- This site is optimized with the Yoast SEO plugin v25.7 - https:\/\/yoast.com\/wordpress\/plugins\/seo\/ -->\n<title>Cookiepolitik - City Hotel Nattergalen<\/title>\n<meta name=\"robots\" content=\"index, follow, max-snippet:-1, max-image-preview:large, max-video-preview:-1\" \/>\n<link rel=\"canonical\" href=\"https:\/\/cityhotelnattergalen.dk\/en\/cookiepolitik\/\" \/>\n<meta property=\"og:locale\" content=\"en_GB\" \/>\n<meta property=\"og:type\" content=\"article\" \/>\n<meta property=\"og:title\" content=\"Cookiepolitik - City Hotel Nattergalen\" \/>\n<meta property=\"og:description\" content=\"Cookiepolitik Brug af cookies Her kan du l\u00e6se politik for anvendelsen af cookies ved bes\u00f8g p\u00e5 . Ved bes\u00f8g p\u00e5 hjemmeside accepterer du nedenst\u00e5ende politik om cookies. Klik her for at g\u00e5 til privatlivspolitik Hvad er en cookie? En cookie er en lille tekstfil, denne gemmes i webbrowseren p\u00e5 din computer, smartphone, iPad eller hvad [&hellip;]\" \/>\n<meta property=\"og:url\" content=\"https:\/\/cityhotelnattergalen.dk\/en\/cookiepolitik\/\" \/>\n<meta property=\"og:site_name\" content=\"City Hotel Nattergalen\" \/>\n<meta property=\"article:modified_time\" content=\"2025-06-05T05:39:59+00:00\" \/>\n<meta name=\"twitter:card\" content=\"summary_large_image\" \/>\n<meta name=\"twitter:label1\" content=\"Estimated reading time\" \/>\n\t<meta name=\"twitter:data1\" content=\"15 minutes\" \/>\n<script type=\"application\/ld+json\" class=\"yoast-schema-graph\">{\"@context\":\"https:\/\/schema.org\",\"@graph\":[{\"@type\":\"WebPage\",\"@id\":\"https:\/\/cityhotelnattergalen.dk\/cookiepolitik\/\",\"url\":\"https:\/\/cityhotelnattergalen.dk\/cookiepolitik\/\",\"name\":\"Cookiepolitik - City Hotel Nattergalen\",\"isPartOf\":{\"@id\":\"https:\/\/cityhotelnattergalen.dk\/#website\"},\"datePublished\":\"2025-05-08T13:03:01+00:00\",\"dateModified\":\"2025-06-05T05:39:59+00:00\",\"breadcrumb\":{\"@id\":\"https:\/\/cityhotelnattergalen.dk\/cookiepolitik\/#breadcrumb\"},\"inLanguage\":\"en-GB\",\"potentialAction\":[{\"@type\":\"ReadAction\",\"target\":[\"https:\/\/cityhotelnattergalen.dk\/cookiepolitik\/\"]}]},{\"@type\":\"BreadcrumbList\",\"@id\":\"https:\/\/cityhotelnattergalen.dk\/cookiepolitik\/#breadcrumb\",\"itemListElement\":[{\"@type\":\"ListItem\",\"position\":1,\"name\":\"Home\",\"item\":\"https:\/\/cityhotelnattergalen.dk\/\"},{\"@type\":\"ListItem\",\"position\":2,\"name\":\"Cookiepolitik\"}]},{\"@type\":\"WebSite\",\"@id\":\"https:\/\/cityhotelnattergalen.dk\/#website\",\"url\":\"https:\/\/cityhotelnattergalen.dk\/\",\"name\":\"City Hotel Nattergalen\",\"description\":\"\",\"publisher\":{\"@id\":\"https:\/\/cityhotelnattergalen.dk\/#organization\"},\"potentialAction\":[{\"@type\":\"SearchAction\",\"target\":{\"@type\":\"EntryPoint\",\"urlTemplate\":\"https:\/\/cityhotelnattergalen.dk\/?s={search_term_string}\"},\"query-input\":{\"@type\":\"PropertyValueSpecification\",\"valueRequired\":true,\"valueName\":\"search_term_string\"}}],\"inLanguage\":\"en-GB\"},{\"@type\":\"Organization\",\"@id\":\"https:\/\/cityhotelnattergalen.dk\/#organization\",\"name\":\"City Hotel Nattergalen\",\"url\":\"https:\/\/cityhotelnattergalen.dk\/\",\"logo\":{\"@type\":\"ImageObject\",\"inLanguage\":\"en-GB\",\"@id\":\"https:\/\/cityhotelnattergalen.dk\/#\/schema\/logo\/image\/\",\"url\":\"https:\/\/cityhotelnattergalen.dk\/wp-content\/uploads\/2024\/10\/d3b9ffa4-28d2-4360-9cc1-9e57eeeef1d0.png\",\"contentUrl\":\"https:\/\/cityhotelnattergalen.dk\/wp-content\/uploads\/2024\/10\/d3b9ffa4-28d2-4360-9cc1-9e57eeeef1d0.png\",\"width\":215,\"height\":94,\"caption\":\"City Hotel Nattergalen\"},\"image\":{\"@id\":\"https:\/\/cityhotelnattergalen.dk\/#\/schema\/logo\/image\/\"}}]}<\/script>\n<!-- \/ Yoast SEO plugin. -->","yoast_head_json":{"title":"Cookie Policy - City Hotel Nattergalen","robots":{"index":"index","follow":"follow","max-snippet":"max-snippet:-1","max-image-preview":"max-image-preview:large","max-video-preview":"max-video-preview:-1"},"canonical":"https:\/\/cityhotelnattergalen.dk\/en\/cookiepolitik\/","og_locale":"en_GB","og_type":"article","og_title":"Cookiepolitik - City Hotel Nattergalen","og_description":"Cookiepolitik Brug af cookies Her kan du l\u00e6se politik for anvendelsen af cookies ved bes\u00f8g p\u00e5 . Ved bes\u00f8g p\u00e5 hjemmeside accepterer du nedenst\u00e5ende politik om cookies. Klik her for at g\u00e5 til privatlivspolitik Hvad er en cookie? En cookie er en lille tekstfil, denne gemmes i webbrowseren p\u00e5 din computer, smartphone, iPad eller hvad [&hellip;]","og_url":"https:\/\/cityhotelnattergalen.dk\/en\/cookiepolitik\/","og_site_name":"City Hotel Nattergalen","article_modified_time":"2025-06-05T05:39:59+00:00","twitter_card":"summary_large_image","twitter_misc":{"Estimated reading time":"15 minutes"},"schema":{"@context":"https:\/\/schema.org","@graph":[{"@type":"WebPage","@id":"https:\/\/cityhotelnattergalen.dk\/cookiepolitik\/","url":"https:\/\/cityhotelnattergalen.dk\/cookiepolitik\/","name":"Cookie Policy - City Hotel Nattergalen","isPartOf":{"@id":"https:\/\/cityhotelnattergalen.dk\/#website"},"datePublished":"2025-05-08T13:03:01+00:00","dateModified":"2025-06-05T05:39:59+00:00","breadcrumb":{"@id":"https:\/\/cityhotelnattergalen.dk\/cookiepolitik\/#breadcrumb"},"inLanguage":"en-GB","potentialAction":[{"@type":"ReadAction","target":["https:\/\/cityhotelnattergalen.dk\/cookiepolitik\/"]}]},{"@type":"BreadcrumbList","@id":"https:\/\/cityhotelnattergalen.dk\/cookiepolitik\/#breadcrumb","itemListElement":[{"@type":"ListItem","position":1,"name":"Home","item":"https:\/\/cityhotelnattergalen.dk\/"},{"@type":"ListItem","position":2,"name":"Cookiepolitik"}]},{"@type":"WebSite","@id":"https:\/\/cityhotelnattergalen.dk\/#website","url":"https:\/\/cityhotelnattergalen.dk\/","name":"City Hotel Nightingale","description":"","publisher":{"@id":"https:\/\/cityhotelnattergalen.dk\/#organization"},"potentialAction":[{"@type":"SearchAction","target":{"@type":"EntryPoint","urlTemplate":"https:\/\/cityhotelnattergalen.dk\/?s={search_term_string}"},"query-input":{"@type":"PropertyValueSpecification","valueRequired":true,"valueName":"search_term_string"}}],"inLanguage":"en-GB"},{"@type":"Organization","@id":"https:\/\/cityhotelnattergalen.dk\/#organization","name":"City Hotel Nightingale","url":"https:\/\/cityhotelnattergalen.dk\/","logo":{"@type":"ImageObject","inLanguage":"en-GB","@id":"https:\/\/cityhotelnattergalen.dk\/#\/schema\/logo\/image\/","url":"https:\/\/cityhotelnattergalen.dk\/wp-content\/uploads\/2024\/10\/d3b9ffa4-28d2-4360-9cc1-9e57eeeef1d0.png","contentUrl":"https:\/\/cityhotelnattergalen.dk\/wp-content\/uploads\/2024\/10\/d3b9ffa4-28d2-4360-9cc1-9e57eeeef1d0.png","width":215,"height":94,"caption":"City Hotel Nattergalen"},"image":{"@id":"https:\/\/cityhotelnattergalen.dk\/#\/schema\/logo\/image\/"}}]}},"_links":{"self":[{"href":"https:\/\/cityhotelnattergalen.dk\/en\/wp-json\/wp\/v2\/pages\/178","targetHints":{"allow":["GET"]}}],"collection":[{"href":"https:\/\/cityhotelnattergalen.dk\/en\/wp-json\/wp\/v2\/pages"}],"about":[{"href":"https:\/\/cityhotelnattergalen.dk\/en\/wp-json\/wp\/v2\/types\/page"}],"author":[{"embeddable":true,"href":"https:\/\/cityhotelnattergalen.dk\/en\/wp-json\/wp\/v2\/users\/2"}],"replies":[{"embeddable":true,"href":"https:\/\/cityhotelnattergalen.dk\/en\/wp-json\/wp\/v2\/comments?post=178"}],"version-history":[{"count":0,"href":"https:\/\/cityhotelnattergalen.dk\/en\/wp-json\/wp\/v2\/pages\/178\/revisions"}],"wp:attachment":[{"href":"https:\/\/cityhotelnattergalen.dk\/en\/wp-json\/wp\/v2\/media?parent=178"}],"curies":[{"name":"wp","href":"https:\/\/api.w.org\/{rel}","templated":true}]}}